{"id":270372,"date":"2021-04-08T14:23:32","date_gmt":"2021-04-08T14:23:32","guid":{"rendered":"https:\/\/bfjschool.com\/politica-de-privacidad\/"},"modified":"2021-04-08T14:23:32","modified_gmt":"2021-04-08T14:23:32","slug":"politica-de-privacidad","status":"publish","type":"page","link":"https:\/\/bfjschool.com\/en\/politica-de-privacidad\/","title":{"rendered":"Pol\u00edtica de privacidad"},"content":{"rendered":"\n<p><strong>Pol\u00edtica de privacidad<\/strong><\/p>\n\n\n\n<p>Si est\u00e1s aqu\u00ed es porque te preocupa que cumpla con la pol\u00edtica de privacidad y de protecci\u00f3n de datos en mi web y mi negocio.<\/p>\n\n\n\n<p>Me alegra verte por aqu\u00ed y te invito a leer esta pol\u00edtica de privacidad en su totalidad.<\/p>\n\n\n\n<p><strong>Recomendaci\u00f3n previa<\/strong><\/p>\n\n\n\n<p>Te doy la bienvenida a esta web y te recomiendo que leas mi pol\u00edtica de Privacidad. Esta describe el modo en el que <strong>www.bfjschool.com<\/strong> recaba y utiliza informaci\u00f3n sobre sus clientes, usuarios y suscriptores de esta web.<\/p>\n\n\n\n<p>En esta web se respetan y cuidan los datos personales de los usuarios. Como usuario debes saber que tus derechos est\u00e1n garantizados. Me he esforzado en crear un espacio seguro y confiable.<\/p>\n\n\n\n<p>Es preciso advertir que esta Pol\u00edtica de Privacidad podr\u00eda variar en funci\u00f3n de exigencias legislativas o de autorregulaci\u00f3n, por lo que se aconseja a los usuarios que la visiten peri\u00f3dicamente. Ser\u00e1 aplicable en caso de que los usuarios decidan rellenar alg\u00fan formulario de cualquiera de sus formularios de contacto donde se recaben datos de car\u00e1cter personal.<\/p>\n\n\n\n<p><strong>LUCAS MIGONE<\/strong> ha adecuado esta web a las exigencias de la LOPD (Ley Org\u00e1nica de Protecci\u00f3n de Datos) y a la LSSI-CE (Ley de la Sociedad de la informaci\u00f3n y el Comercio Electr\u00f3nico).<\/p>\n\n\n\n<p><strong>Regulaciones legales que cumple esta Pol\u00edtica de Privacidad<\/strong><\/p>\n\n\n\n<p><strong>LUCAS MIGONE<\/strong> ha adecuado esta web a las exigencias de:<\/p>\n\n\n\n<ul class=\"wp-block-list\">\n<li>El&nbsp;<strong>RGPD<\/strong>&nbsp;(<a href=\"https:\/\/www.boe.es\/doue\/2016\/119\/L00001-00088.pdf\" target=\"_blank\" rel=\"noreferrer noopener\"><strong>Reglamento (UE) 2016\/679 del Parlamento Europeo y del Consejo de 27 de abril de 2016 relativo a la protecci\u00f3n de las personas f\u00edsicas<\/strong><\/a>), que es la nueva normativa de la Uni\u00f3n Europea que unifica la regulaci\u00f3n del tratamiento de los datos personales en los distintos pa\u00edses de la UE.<\/li>\n\n\n\n<li>La&nbsp;<strong>LOPD<\/strong>&nbsp;(<a href=\"https:\/\/www.boe.es\/buscar\/act.php?id=BOE-A-2018-16673\" target=\"_blank\" rel=\"noreferrer noopener\"><strong>Ley Org\u00e1nica 3\/2018, de 5 de diciembre, de Protecci\u00f3n de Datos de Car\u00e1cter Personal<\/strong><\/a>&nbsp;y&nbsp;<a href=\"https:\/\/www.boe.es\/buscar\/doc.php?id=BOE-A-2008-979\" target=\"_blank\" rel=\"noreferrer noopener\"><strong>Real Decreto 1720\/2007, de 21 de diciembre, conocido como el Reglamento de desarrollo de la LOPD<\/strong><\/a>), que regula el tratamiento de los datos personales y las obligaciones que debemos asumir los responsables de una web o un blog a la hora de gestionar esta informaci\u00f3n.<\/li>\n\n\n\n<li>La&nbsp;<strong>LSSI o LSSICE&nbsp;<\/strong>(<a href=\"http:\/\/www.boe.es\/buscar\/doc.php?id=BOE-A-2002-13758\" target=\"_blank\" rel=\"noreferrer noopener\"><strong>Ley 34\/2002, de 11 de julio, de Servicios de la Sociedad de la Informaci\u00f3n y Comercio Electr\u00f3nico<\/strong><\/a>), que regula las transacciones econ\u00f3micas mediante medios electr\u00f3nicos, como es el caso de esta web.<\/li>\n<\/ul>\n\n\n\n<p><strong>Env\u00edo y registro de datos de car\u00e1cter personal<\/strong><\/p>\n\n\n\n<p>A efectos de lo previsto en la Ley Org\u00e1nica 3\/2018, de 5 de diciembre, de Protecci\u00f3n de Datos Personales y garant\u00eda de los derechos digitales, <strong>LUCAS MIGONE<\/strong>, informa al Usuario de que es titular de un fichero de datos de car\u00e1cter personal inscrito ante el R.G.P.D. (Registro General de Protecci\u00f3n de Datos), en los que sus datos quedan incorporados y son tratados con el fin de prestarte los servicios solicitados y enviarte la informaci\u00f3n acerca de servicios y productos que puedan ser te tu inter\u00e9s.<\/p>\n\n\n\n<p>El env\u00edo de datos de car\u00e1cter personal es obligatorio para contactar y realizar operaciones comerciales con <strong>LUCAS MIGONE<\/strong>.<\/p>\n\n\n\n<p>Asimismo, el no facilitar los datos personales solicitados o el no aceptar la presente pol\u00edtica de protecci\u00f3n de datos supone la imposibilidad de procesar las solicitudes realizadas en esta web.<\/p>\n\n\n\n<p>Los datos personales que recoge y almacena esta web est\u00e1n detallados en el Aviso Legal.<\/p>\n\n\n\n<p><strong>Informaci\u00f3n personal que recoge \u00e9sta web<\/strong><\/p>\n\n\n\n<p>Cuando un usuario se conecta con esta web para comentar un post, mandar un correo al titular, publicar en el blog o suscribirse, realizar alguna contrataci\u00f3n de servicios o formaci\u00f3n, est\u00e1 facilitando informaci\u00f3n de car\u00e1cter personal de la que es responsable <strong>LUCAS MIGONE<\/strong><\/p>\n\n\n\n<p>Esa informaci\u00f3n puede incluir tu direcci\u00f3n IP, nombre, direcci\u00f3n f\u00edsica, direcci\u00f3n de correo electr\u00f3nico, n\u00famero de tel\u00e9fono, informaci\u00f3n de pago y otra informaci\u00f3n demogr\u00e1fica.&nbsp;Al facilitar esta informaci\u00f3n, el usuario da su consentimiento para que su informaci\u00f3n sea recopilada, utilizada, gestionada, y almacenados por <strong>LUCAS MIGONE<\/strong>, s\u00f3lo como se describe en el Aviso Legal y la presente Pol\u00edtica de Privacidad.<\/p>\n\n\n\n<p><strong>Servicios de terceros que utilizo en esta web<\/strong><\/p>\n\n\n\n<ul class=\"wp-block-list\">\n<li><strong>Hosting<\/strong>:&nbsp;CUBENODE, empresa que me proporciona protocolos SSL para que tus datos permanezcan a salvo de los hackers o de otra persona que intente robar esa informaci\u00f3n. Consulta aqu\u00ed su&nbsp;<a href=\"https:\/\/cubenode.com\/policies\/politicas_privavidad\/\" target=\"_blank\" rel=\"noreferrer noopener\">pol\u00edtica de privacidad.<\/a><\/li>\n\n\n\n<li><strong>Plataforma web<\/strong>:&nbsp;<a href=\"https:\/\/wordpress.org\/about\/privacy\/\">WordPress.org<\/a>, cuya pol\u00edtica de privacidad puedes consultar&nbsp;<a href=\"https:\/\/automattic.com\/privacy\/\">aqu\u00ed<\/a>.<\/li>\n\n\n\n<li><strong>Proveedor de Email Marketing<\/strong>:&nbsp;<\/li>\n\n\n\n<li><strong>Captaci\u00f3n de suscriptores<\/strong>:&nbsp;<\/li>\n\n\n\n<li><a href=\"https:\/\/www.google.com\/intl\/es\/policies\/privacy\/\"><strong>Google Analytics<\/strong><\/a>.<\/li>\n<\/ul>\n\n\n\n<p>Los usuarios podr\u00e1n darse de baja en cualquier momento de los servicios prestados por <strong>www.bfjschool.com<\/strong> la misma Newsletter.<\/p>\n\n\n\n<p>En cumplimiento de la normativa vigente sobre protecci\u00f3n de datos de car\u00e1cter personal, tanto al suscribirse a este blog como al realizar alg\u00fan comentario en cualquiera de sus p\u00e1ginas y\/o entradas, el usuario consiente:<\/p>\n\n\n\n<ol class=\"wp-block-list\" type=\"1\">\n<li>El tratamiento de sus datos personales en el entorno de wordpress conforme a&nbsp;<a href=\"https:\/\/automattic.com\/privacy\/\" target=\"_blank\" rel=\"noreferrer noopener\">sus pol\u00edticas de privacidad<\/a>.<\/li>\n\n\n\n<li>El acceso de <strong>LUCAS MIGONE<\/strong> a los datos que, de acuerdo con la infraestructura de wordpress, necesite el usuario aportar bien para la suscripci\u00f3n al blog bien para realizar y\/o recibir comentarios en el mismo.<\/li>\n<\/ol>\n\n\n\n<p>De acuerdo a lo establecido en la Ley Org\u00e1nica 3\/2018, de 5 de diciembre, de Protecci\u00f3n de Datos Personales y garant\u00eda de los derechos digitales, los datos personales que el usuario env\u00ede a trav\u00e9s de esta web ser\u00e1n incorporados a un Fichero de USUARIOS DE LA WEB titularidad de <strong>LUCAS MIGONE<\/strong>.<\/p>\n\n\n\n<p>Estos ficheros tienen implementadas todas las medidas t\u00e9cnicas y organizativas de seguridad establecidas en el Real Decreto 1720\/2007, de desarrollo de la LOPD.<\/p>\n\n\n\n<p><strong>LUCAS MIGONE<\/strong> no vende, alquila ni cede datos de car\u00e1cter personal que puedan identificar al usuario, ni lo har\u00e1 en el futuro, a terceros sin el consentimiento previo. Sin embargo, en algunos casos se pueden realizar colaboraciones con otros profesionales para organizar formaciones o realizar servicios, en esos casos, se requerir\u00e1 consentimiento a los usuarios informando sobre la identidad del colaborador y la finalidad de la colaboraci\u00f3n. Siempre se realizar\u00e1 con los m\u00e1s estrictos est\u00e1ndares de seguridad.<\/p>\n\n\n\n<p><strong>Exactitud y veracidad de los datos<\/strong><\/p>\n\n\n\n<p>El usuario es el \u00fanico responsable de la veracidad y correcci\u00f3n de los datos que remita a <strong>www.bfjschool.com<\/strong> exonerando al Prestador de cualquier responsabilidad al respecto. Los usuarios garantizan y responden, en cualquier caso, de la exactitud, vigencia y autenticidad de los datos personales facilitados, y se comprometen a mantenerlos debidamente actualizados. El usuario acepta proporcionar informaci\u00f3n completa y correcta en el formulario de contacto o suscripci\u00f3n.<\/p>\n\n\n\n<p><strong>Ejercicio de los derechos de acceso, rectificaci\u00f3n, cancelaci\u00f3n u oposici\u00f3n<\/strong><\/p>\n\n\n\n<p>Los derechos de los Usuarios son los siguientes:<\/p>\n\n\n\n<ul class=\"wp-block-list\">\n<li>Derecho a preguntar qu\u00e9 datos personales almacenamos sobre el Usuario en cualquier momento.<\/li>\n\n\n\n<li>Derecho a pedirnos que actualicemos o corrijamos de forma gratuita datos incorrectos o desfasados que almacenemos sobre el Usuario.<\/li>\n\n\n\n<li>Derecho a darse de baja de cualquier comunicaci\u00f3n de marketing que podamos enviarle al Usuario.<\/li>\n<\/ul>\n\n\n\n<p>El usuario podr\u00e1 dirigir sus comunicaciones y ejercitar los derechos de acceso, rectificaci\u00f3n, cancelaci\u00f3n y oposici\u00f3n a trav\u00e9s del correo electr\u00f3nico: <strong>lucas@mspartners.com<\/strong>junto con prueba v\u00e1lida en derecho, como fotocopia del D.N.I. o equivalente, indicando en el asunto \u201cPROTECCI\u00d3N DE DATOS\u201d.<\/p>\n\n\n\n<p><strong>Aceptaci\u00f3n y consentimiento<\/strong><\/p>\n\n\n\n<p>El Usuario declara haber sido informado de las condiciones sobre protecci\u00f3n de datos de car\u00e1cter personal, aceptando y consintiendo el tratamiento de los mismos por parte de <strong>LUCAS MIGONE<\/strong> en la forma y para las finalidades indicadas en el aviso legal.<\/p>\n\n\n\n<p><strong>Cambios en la presente pol\u00edtica de privacidad<\/strong><\/p>\n\n\n\n<p><strong>LUCAS MIGONE<\/strong> se reserva el derecho a modificar la presente pol\u00edtica para adaptarla a novedades legislativas o jurisprudenciales as\u00ed como a pr\u00e1cticas de la industria. En dichos supuestos, el Prestador anunciar\u00e1 en esta p\u00e1gina los cambios introducidos con razonable antelaci\u00f3n a su puesta en pr\u00e1ctica.<\/p>\n\n\n\n<p><strong>Correos comerciales<\/strong><\/p>\n\n\n\n<p>De acuerdo con la LSSICE, <strong>www.bfjschool.com<\/strong> no realiza pr\u00e1cticas de SPAM, por lo que no env\u00eda correos comerciales por v\u00eda electr\u00f3nica que no hayan sido previamente solicitados o autorizados por el Usuario. En consecuencia, en cada uno de los formularios habidos en la P\u00e1gina Web, el Usuario tiene la posibilidad de dar su consentimiento expreso para recibir el bolet\u00edn, con independencia de la informaci\u00f3n comercial puntualmente solicitada.<\/p>\n\n\n\n<p>Te agradezco el tiempo dedicado a leer esta Pol\u00edtica de Privacidad. Ante cualquier duda, puedes contactar conmigo en <strong>lucas@mspartners.com<\/strong><\/p>\n","protected":false},"excerpt":{"rendered":"<p>Pol\u00edtica de privacidad Si est\u00e1s aqu\u00ed es porque te preocupa que cumpla con la pol\u00edtica de privacidad y de protecci\u00f3n de datos en mi web y mi negocio. Me alegra verte por aqu\u00ed y te invito a leer esta pol\u00edtica de privacidad en su totalidad. Recomendaci\u00f3n previa Te doy la bienvenida a esta web y [&hellip;]<\/p>\n","protected":false},"author":1,"featured_media":0,"parent":0,"menu_order":0,"comment_status":"closed","ping_status":"closed","template":"","meta":{"_et_pb_use_builder":"","_et_pb_old_content":"","_et_gb_content_width":"1080","footnotes":""},"class_list":["post-270372","page","type-page","status-publish","hentry"],"_links":{"self":[{"href":"https:\/\/bfjschool.com\/en\/wp-json\/wp\/v2\/pages\/270372","targetHints":{"allow":["GET"]}}],"collection":[{"href":"https:\/\/bfjschool.com\/en\/wp-json\/wp\/v2\/pages"}],"about":[{"href":"https:\/\/bfjschool.com\/en\/wp-json\/wp\/v2\/types\/page"}],"author":[{"embeddable":true,"href":"https:\/\/bfjschool.com\/en\/wp-json\/wp\/v2\/users\/1"}],"replies":[{"embeddable":true,"href":"https:\/\/bfjschool.com\/en\/wp-json\/wp\/v2\/comments?post=270372"}],"version-history":[{"count":0,"href":"https:\/\/bfjschool.com\/en\/wp-json\/wp\/v2\/pages\/270372\/revisions"}],"wp:attachment":[{"href":"https:\/\/bfjschool.com\/en\/wp-json\/wp\/v2\/media?parent=270372"}],"curies":[{"name":"wp","href":"https:\/\/api.w.org\/{rel}","templated":true}]}}