{"id":270376,"date":"2021-04-09T11:51:43","date_gmt":"2021-04-09T09:51:43","guid":{"rendered":"https:\/\/bfjschool.com\/aviso-legal\/"},"modified":"2021-04-09T11:51:43","modified_gmt":"2021-04-09T09:51:43","slug":"aviso-legal","status":"publish","type":"page","link":"https:\/\/bfjschool.com\/en\/aviso-legal\/","title":{"rendered":"Aviso legal"},"content":{"rendered":"\n<p>Aviso Legal y condiciones de uso<\/p>\n\n\n\n<p>En este espacio podr\u00e1s encontrar toda la informaci\u00f3n relativa sobre los t\u00e9rminos y condiciones legales que definen las relaciones entre los usuarios y el responsable de esta web. Como usuario, es importante que conozcas estos t\u00e9rminos antes de continuar tu navegaci\u00f3n.<\/p>\n\n\n\n<p>Esta web cumple rigurosamente con la Ley 34\/2002, de 11 de julio, de servicios de la sociedad de la informaci\u00f3n y de comercio electr\u00f3nico.<\/p>\n\n\n\n<p><strong>Datos sobre el responsable de esta web<\/strong><\/p>\n\n\n\n<ul class=\"wp-block-list\">\n<li>Su denominaci\u00f3n social es (Titular de la web): Migone Schaefer Partners S.L.<\/li>\n\n\n\n<li>Su NIF: B88216452<\/li>\n\n\n\n<li>Su domicilio social est\u00e1 en: Carrer Hereter 18 Bis, 08960, Barcelona<\/li>\n\n\n\n<li>Su actividad social es: Consultor\u00eda financiera<\/li>\n\n\n\n<li>Correo electr\u00f3nico: <a href=\"mailto:lucas@mspartners.com\">lucas@mspartners.com<\/a><\/li>\n<\/ul>\n\n\n\n<p><strong>Regulaciones legales que cumple esta web<\/strong><\/p>\n\n\n\n<p>Esta web ha adecuado esta web a las exigencias de:<\/p>\n\n\n\n<ul class=\"wp-block-list\">\n<li>El&nbsp;<strong>RGPD<\/strong>&nbsp;(<a href=\"https:\/\/www.boe.es\/doue\/2016\/119\/L00001-00088.pdf\" target=\"_blank\" rel=\"noreferrer noopener\"><strong>Reglamento (UE) 2016\/679 del Parlamento Europeo y del Consejo de 27 de abril de 2016 relativo a la protecci\u00f3n de las personas f\u00edsicas<\/strong><\/a>), que es la nueva normativa de la Uni\u00f3n Europea que unifica la regulaci\u00f3n del tratamiento de los datos personales en los distintos pa\u00edses de la UE.<\/li>\n<\/ul>\n\n\n\n<p>La&nbsp;<strong>LOPD<\/strong>&nbsp;(<a href=\"https:\/\/www.boe.es\/buscar\/act.php?id=BOE-A-2018-16673\" target=\"_blank\" rel=\"noreferrer noopener\"><strong>Ley Org\u00e1nica 3\/2018, de 5 de diciembre, de Protecci\u00f3n de Datos Personales y garant\u00eda de los derechos digitales.<\/strong><\/a>&nbsp;y&nbsp;<a href=\"https:\/\/www.boe.es\/buscar\/doc.php?id=BOE-A-2008-979\" target=\"_blank\" rel=\"noreferrer noopener\"><strong>Real Decreto 1720\/2007, de 21 de diciembre, conocido como el Reglamento de desarrollo de la LOPD<\/strong><\/a>), que regula el tratamiento de los datos personales y las obligaciones que debemos asumir los responsables de una web o un blog a la hora de gestionar esta informaci\u00f3n.<\/p>\n\n\n\n<ul class=\"wp-block-list\">\n<li>La&nbsp;<strong>LSSI o LSSICE&nbsp;<\/strong>(<a href=\"http:\/\/www.boe.es\/buscar\/doc.php?id=BOE-A-2002-13758\" target=\"_blank\" rel=\"noreferrer noopener\"><strong>Ley 34\/2002, de 11 de julio, de Servicios de la Sociedad de la Informaci\u00f3n y Comercio Electr\u00f3nico<\/strong><\/a>),&nbsp;que regula las transacciones econ\u00f3micas mediante medios electr\u00f3nicos, como es el caso de esta web.<\/li>\n<\/ul>\n\n\n\n<p><strong>Condiciones generales de uso<\/strong><\/p>\n\n\n\n<p>Estas Condiciones Generales regulan el uso (incluyendo el simple acceso a la web) de las p\u00e1ginas que constituyen&nbsp;<strong>www.bfjschool.com<\/strong>, incluidos los contenidos y servicios ofrecidos en ellas.<\/p>\n\n\n\n<p>Al acceder a la web adquieres la condici\u00f3n de usuario y aceptas someterte a las Condiciones Generales vigentes en cada momento en&nbsp;<strong>www.bfjschool.com<\/strong><\/p>\n\n\n\n<p><strong>Finalidad de esta web<\/strong><\/p>\n\n\n\n<p>La web&nbsp;<strong>www.bfjschool.com<\/strong> ha sido dise\u00f1ada para dar a conocer y permitir el acceso p\u00fablico a informaci\u00f3n, actividades y servicios diversos ofertados por el titular de la web.<\/p>\n\n\n\n<p><strong>Datos personales que recabo y c\u00f3mo lo hago<\/strong><\/p>\n\n\n\n<p>Puedes leer la informaci\u00f3n detallada referente a este apartado en mi pol\u00edtica de privacidad.<\/p>\n\n\n\n<p><strong>Compromisos y obligaciones de los usuarios<\/strong><\/p>\n\n\n\n<p>Quedas informado y aceptas que el acceso a esta web no supone, en modo alguno, el inicio de una relaci\u00f3n comercial con el titular de la web y te comprometes a utilizar esta web, sus servicios y contenidos sin incumplir la legislaci\u00f3n vigente, la buena fe y el orden p\u00fablico.<\/p>\n\n\n\n<p>Queda prohibido el uso de la web con fines il\u00edcitos, da\u00f1inos o que puedan causar cualquier tipo de problema o perjuicio o impedir el funcionamiento normal de la web.<\/p>\n\n\n\n<p>Respecto de los contenidos de esta web, se proh\u00edbe:<\/p>\n\n\n\n<ul class=\"wp-block-list\">\n<li>Su reproducci\u00f3n, distribuci\u00f3n o modificaci\u00f3n, total o parcial, a menos que se cuente con la autorizaci\u00f3n del leg\u00edtimo titular.<\/li>\n\n\n\n<li>Cualquier vulneraci\u00f3n de los derechos del titular de esta web.<\/li>\n\n\n\n<li>Su utilizaci\u00f3n para fines comerciales o publicitarios.<\/li>\n<\/ul>\n\n\n\n<p>Al utilizar la web&nbsp;<strong>www.bfjschool.com<\/strong>&nbsp;te comprometes a no llevar a cabo ninguna conducta que pudiera da\u00f1ar la imagen, los intereses y los derechos del titular o de terceros, o que pudiera da\u00f1ar, inutilizar o sobrecargar la web impidiendo, de cualquier forma, su uso normal.<\/p>\n\n\n\n<p><strong>Medidas de seguridad<\/strong><\/p>\n\n\n\n<p>Los datos personales que comunicas a <strong>www.bfjschool.com<\/strong>&nbsp;pueden ser almacenados en bases de datos, automatizadas o no, cuya titularidad corresponde en exclusiva a <strong>www.bfjschool.com<\/strong>, asumiendo esta todas las medidas t\u00e9cnicas, organizativas y de seguridad que garantizan la confidencialidad, integridad y calidad de la informaci\u00f3n contenida en las mismas de acuerdo con lo establecido en la normativa vigente en protecci\u00f3n de datos.<\/p>\n\n\n\n<p>La comunicaci\u00f3n entre el usuario y&nbsp;<strong>www.bfjschool.com<\/strong> utiliza un canal seguro y los datos transmitidos son cifrados gracias al protocolo https. Por lo tanto, garantizo las mejores condiciones de seguridad para la confidencialidad de los usuarios.<\/p>\n\n\n\n<p>En&nbsp;<strong>www.bfjschool.com<\/strong> se ponen todos los medios necesarios y se adoptan las medidas de seguridad adecuadas para detectar y evitar la existencia de virus y de cualquier otro tipo de ataque. No obstante, debes ser consciente de que las medidas de seguridad de los sistemas inform\u00e1ticos en Internet no son enteramente fiables. Por ello, en&nbsp;<strong>www.bfjschool.com<\/strong> tampoco puedo garantizar completamente la inexistencia de virus u otros elementos que puedan producir alteraciones en los sistemas inform\u00e1ticos (software y hardware) de los usuarios o en sus documentos electr\u00f3nicos y en los ficheros que contengan.<\/p>\n\n\n\n<p><strong>Plataforma de resoluci\u00f3n de conflictos<\/strong><\/p>\n\n\n\n<p>Pongo a tu disposici\u00f3n, como usuario, la plataforma de resoluci\u00f3n de litigios que facilita la Comisi\u00f3n Europea, a la que puedes acceder en este enlace:&nbsp; <a href=\"https:\/\/ec.europa.eu\/consumers\/odr\/main\/index.cfm?event=main.home2.show&amp;lng=ES\" target=\"_blank\" rel=\"noreferrer noopener\"><strong>https:\/\/ec.europa.eu\/consumers\/odr\/main\/index.cfm?event=main.home2.show&amp;lng=ES<\/strong><\/a><\/p>\n\n\n\n<p><strong>Derechos de propiedad intelectual e industrial<\/strong><\/p>\n\n\n\n<p>Mediante estas&nbsp;Condiciones Generales&nbsp;no se cede<strong>&nbsp;<\/strong>ning\u00fan derecho de propiedad intelectual o industrial sobre la web&nbsp;<strong>www.bfjschool.com<\/strong> ni sobre ninguno de los elementos que la forman.<\/p>\n\n\n\n<p>Quedan expresamente prohibidas (seg\u00fan lo dispuesto en los art\u00edculos 8 y 32.1, p\u00e1rrafo segundo, de la Ley de Propiedad Intelectual): la reproducci\u00f3n, la transformaci\u00f3n, la distribuci\u00f3n, la comunicaci\u00f3n p\u00fablica, la puesta a disposici\u00f3n del p\u00fablico, la extracci\u00f3n, la reutilizaci\u00f3n, el reenv\u00edo o la utilizaci\u00f3n de cualquier naturaleza de la totalidad o de parte de los contenidos de esta web, en cualquier soporte y por cualquier medio t\u00e9cnico, sin la autorizaci\u00f3n del titular de la web. Como usuario te comprometes a respetar los derechos de Propiedad Intelectual e Industrial del titular de la web.<\/p>\n\n\n\n<p>Como usuario conoces y aceptas que la totalidad de la web, conteniendo sin car\u00e1cter exhaustivo el texto, software, contenidos (incluyendo estructura, selecci\u00f3n, ordenaci\u00f3n y presentaci\u00f3n de los mismos), fotograf\u00edas, material audiovisual y gr\u00e1fico, est\u00e1 protegida por marcas, derechos de autor y otros derechos leg\u00edtimos registrados, de acuerdo con los tratados internacionales en los que Espa\u00f1a es parte y otros derechos de propiedad y leyes de Espa\u00f1a.<\/p>\n\n\n\n<p>Si por alguna raz\u00f3n consideras que en&nbsp;<strong>www.bfjschool.com<\/strong> se ha producido una violaci\u00f3n de tus leg\u00edtimos derechos de propiedad intelectual por haber usado un determinado contenido en esta web, deber\u00e1s notific\u00e1rmelo en:&nbsp;<strong> <\/strong><strong>lucas@mspartners.com<\/strong>&nbsp;indicando:<\/p>\n\n\n\n<ul class=\"wp-block-list\">\n<li>Tus datos personales, si eres el titular de los derechos que presuntamente se han infringido, o los de la persona que te representa en caso de que la reclamaci\u00f3n la haga un tercero distinto del titular de los derechos.<\/li>\n\n\n\n<li>Los contenidos protegidos por los derechos de propiedad intelectual y su ubicaci\u00f3n en la web, la acreditaci\u00f3n de los derechos de propiedad intelectual que se indican y la declaraci\u00f3n expresa de que el interesado se responsabiliza de la veracidad de la informaci\u00f3n que se facilita en la notificaci\u00f3n.<\/li>\n<\/ul>\n\n\n\n<p><strong>Enlaces externos<\/strong><\/p>\n\n\n\n<p>Las p\u00e1ginas y los art\u00edculos de la web&nbsp;<strong>www.bfjschool.com<\/strong> pueden contener enlaces a otros sitios web propios y a contenidos que son propiedad de terceros tales como: informaci\u00f3n, recursos o herramientas.<\/p>\n\n\n\n<p>El \u00fanico objeto de los enlaces es proporcionar al usuario la posibilidad de acceder a los sitios enlazados.<\/p>\n\n\n\n<p>El titular de la web no se responsabiliza, en ning\u00fan caso, de los resultados que puedan derivarse al usuario por el acceso a dichos enlaces.<\/p>\n\n\n\n<p>Siempre enlazo a webs de confianza que he contrastado y que ofrecen m\u00e1ximas garant\u00edas a los usuarios. Por favor, si detectas que alg\u00fan enlace en esta web no cumple con esos par\u00e1metros, av\u00edsame cuanto antes en:&nbsp;<strong>lucas@mspartners.com<\/strong>&nbsp;para resolverlo urgentemente.<\/p>\n\n\n\n<p>El hecho de que enlacen a esta web no implica que existan relaciones entre&nbsp;<strong>www.bfjschool.com<\/strong> y el propietario del sitio en el que se establece el enlace, ni la aceptaci\u00f3n o aprobaci\u00f3n por parte del titular de la web de sus contenidos o servicios.<\/p>\n\n\n\n<p><strong>Pol\u00edtica de comentarios<\/strong><\/p>\n\n\n\n<p>En esta web se permite realizar comentarios para enriquecer los contenidos y realizar consultas.<\/p>\n\n\n\n<p>No se admitir\u00e1n comentarios que no est\u00e9n relacionados con la tem\u00e1tica de esta web, que incluyan difamaciones, agravios, insultos, ataques personales o faltas de respeto en general hacia el autor o hacia otros miembros.<\/p>\n\n\n\n<p>Ser\u00e1n eliminados tanto los comentarios que contengan informaci\u00f3n que sea obviamente enga\u00f1osa o falsa como los que contengan informaci\u00f3n personal, como, por ejemplo, domicilios privados o tel\u00e9fonos y que vulneren mi pol\u00edtica de protecci\u00f3n de datos.<\/p>\n\n\n\n<p>Se desestimar\u00e1n aquellos comentarios creados solo con fines promocionales de una web, persona o colectivo y todo lo que pueda ser considerado spam en general.<\/p>\n\n\n\n<p>No se permiten ni los comentarios an\u00f3nimos ni los realizados por una misma persona con distintos apodos. Tampoco aquellos comentarios que intenten forzar un debate o una toma de postura por otro usuario.<\/p>\n\n\n\n<p><strong>Exclusi\u00f3n de garant\u00edas y responsabilidades<\/strong><\/p>\n\n\n\n<p>El titular de la web, en calidad de responsable de&nbsp;<strong>www.bfjschool.com<\/strong>, no otorga ninguna garant\u00eda ni se hace responsable, en ning\u00fan caso, de los da\u00f1os y perjuicios de cualquier naturaleza que pudieran originarse por:<\/p>\n\n\n\n<ul class=\"wp-block-list\">\n<li>La falta de disponibilidad, mantenimiento y efectivo funcionamiento de la web, o de sus servicios y contenidos.<\/li>\n\n\n\n<li>La existencia de virus, malware, programas maliciosos o da\u00f1inos en los contenidos.<\/li>\n\n\n\n<li>El uso il\u00edcito, negligente, fraudulento o contrario a este Aviso Legal.<\/li>\n\n\n\n<li>La falta de licitud, calidad, fiabilidad, utilidad y disponibilidad de los servicios prestados por terceros y puestos a disposici\u00f3n de los usuarios en la web.<\/li>\n\n\n\n<li>Los da\u00f1os que pudieran provenir del uso ilegal o indebido de esta web.<\/li>\n<\/ul>\n\n\n\n<p><strong>Ley aplicable y jurisdicci\u00f3n<\/strong><\/p>\n\n\n\n<p>Con car\u00e1cter general, las relaciones entre el titular de la web y los usuarios de sus servicios telem\u00e1ticos, presentes en esta web, se encuentran sometidas a la legislaci\u00f3n y jurisdicci\u00f3n espa\u00f1olas y a los tribunales.<\/p>\n\n\n\n<p><strong>Contacto<\/strong><\/p>\n\n\n\n<p>En caso de que t\u00fa, como usuario, tengas alguna duda sobre estas Condiciones legales o quieras hacer cualquier comentario sobre&nbsp;<strong>www.bfjschool.com<\/strong>, puedes escribirme a:<strong>&nbsp;<\/strong><strong>lucas@mspartners.com<\/strong>&nbsp;y te contestar\u00e9 lo antes posible.<\/p>\n","protected":false},"excerpt":{"rendered":"<p>Aviso Legal y condiciones de uso En este espacio podr\u00e1s encontrar toda la informaci\u00f3n relativa sobre los t\u00e9rminos y condiciones legales que definen las relaciones entre los usuarios y el responsable de esta web. Como usuario, es importante que conozcas estos t\u00e9rminos antes de continuar tu navegaci\u00f3n. Esta web cumple rigurosamente con la Ley 34\/2002, [&hellip;]<\/p>\n","protected":false},"author":1,"featured_media":0,"parent":0,"menu_order":0,"comment_status":"closed","ping_status":"closed","template":"","meta":{"_et_pb_use_builder":"off","_et_pb_old_content":"","_et_gb_content_width":"1080","footnotes":""},"class_list":["post-270376","page","type-page","status-publish","hentry"],"_links":{"self":[{"href":"https:\/\/bfjschool.com\/en\/wp-json\/wp\/v2\/pages\/270376","targetHints":{"allow":["GET"]}}],"collection":[{"href":"https:\/\/bfjschool.com\/en\/wp-json\/wp\/v2\/pages"}],"about":[{"href":"https:\/\/bfjschool.com\/en\/wp-json\/wp\/v2\/types\/page"}],"author":[{"embeddable":true,"href":"https:\/\/bfjschool.com\/en\/wp-json\/wp\/v2\/users\/1"}],"replies":[{"embeddable":true,"href":"https:\/\/bfjschool.com\/en\/wp-json\/wp\/v2\/comments?post=270376"}],"version-history":[{"count":0,"href":"https:\/\/bfjschool.com\/en\/wp-json\/wp\/v2\/pages\/270376\/revisions"}],"wp:attachment":[{"href":"https:\/\/bfjschool.com\/en\/wp-json\/wp\/v2\/media?parent=270376"}],"curies":[{"name":"wp","href":"https:\/\/api.w.org\/{rel}","templated":true}]}}